{"id":26713,"date":"2022-06-24T11:57:30","date_gmt":"2022-06-24T10:57:30","guid":{"rendered":"https:\/\/www.caleromarinas.com\/marina-jandia\/"},"modified":"2025-10-23T15:33:16","modified_gmt":"2025-10-23T14:33:16","slug":"marina-jandia","status":"publish","type":"page","link":"https:\/\/www.caleromarinas.com\/en\/marina-jandia\/","title":{"rendered":"Marina\u00a0Jandia"},"content":{"rendered":"\r\n\t\t<div class=\"full_bg full-width-bg \" data-animation=\"\" style=\"background-color: #fff; background-attachment: scroll; background-position: left top; background-size: 100% 100%; padding-top: 5px; padding-bottom: 40px;\">\r\n\t\t\t\r\n\t\t\t\r\n\t\t\t \n<h4 class=\"special-text  wow animated fadeInDown\" style=\"font-size: 20px;font-weight: 300;margin-top: 5px;margin-bottom: 20px;text-align: justify\" data-animation=\"fadeInDown\">Marina Jand\u00eda is Calero Marinas\u2019 new project in Fuerteventura. A yacht harbour with 310 berths from 6 to 50 metres in length and an area for leisure, shops and restaurants that will represent a milestone in the island\u2019s tourism development.<br \/>\nA new rendezvous by the sea, in what will be Fuerteventura&#8217;s first major marina.<\/h4>\n<div class=\"clearfix\"><\/div>\r\n\t\t<\/div>\n\r\n\t\t<section class=\"sc-call-to-action full-width-bg light-gray-bg small-padding first-page\"  style=\"background: #003a5c\">\r\n\t\t\t<div class=\"row\">\r\n\t\t\t\t<div class=\"col-lg-9 col-md-9 col-sm-9\">\r\n\t\t\t\t\t<h2 class=\"big\" style=\"color: #fff\">Contact us for more information on berths and commercial premises.<\/h2>\r\n\t\t\t\t<\/div>\r\n\t\t\t\t<div class=\"col-lg-3 col-md-3 col-sm-3 align-right\">\r\n\t\t\t\t\t<a href=\"\/marina-jandia\/contacto\/\" target=\"\" class=\"button biggest\" style=\"color: #fcfcfc\"><i class=\"icons icon-mail\" style=\"color: #fcfcfc\"><\/i>CONTACT<\/a>\r\n\t\t\t\t<\/div>\r\n\t\t\t<\/div>\r\n\t\t<\/section>\n\r\n\t\t<div class=\"full_bg full-width-bg \" data-animation=\"\" style=\"background-color: #ffffff; background-attachment: scroll; background-position: left top; background-size: 100% 100%; padding-top: 20px; padding-bottom: 40px;\">\r\n\t\t\t\r\n\t\t\t\r\n\t\t\t \n<h2 class=\"special-text  wow animated fadeInDown\" style=\"font-size: 30px;font-weight: 300;margin-top: 30px;text-align: center\" data-animation=\"fadeInDown\">Marina Jand\u00eda<\/h2>\n<div class=\"row\"><div class=\"col-lg-6 col-md-6 col-sm-12\">\n<p>Fuerteventura, with some of Europe\u2019s best beaches and singular natural landscapes, calls for a marina that permits the island and its people to embrace the ocean, and discover the potential that quality tourism with a genuine regard for the environment can provide &#8211; nautical tourism.<\/p>\n<p>Promoted by Calero Marinas and designed in accordance with sustainable values by the renowned architect N\u00e9stor P\u00e9rez Batista, Marina Jand\u00eda is inspired by traditional Canarian architecture and offers a complete range of nautical services. Boaters will welcome the 310 new berths for vessels ranging from the smallest 6-metre launches to imposing 50-metre superyachts, in addition to a modern leisure, shopping and restaurant area, all housed in an iconic and unique marine setting.<\/p>\n<p><strong>Contact us:<\/strong><\/p>\n<p>marina@marinajandia.com<br \/>\n+34 928 442 606<\/p>\n<a class=\"button biggest    wow animated pulse\" data-animation=\"pulse\" href=\"\/marina-jandia\/contacto\/\" target=\"\" style=\"color: #fcfcfc;background-color: #a9a8a9\">Contact<\/a>\n<\/div>\n<div class=\"col-lg-6 col-md-6 col-sm-12\">\r\n\t\t<div class=\"flexslider flexslider-thumbnail-gallery \">\r\n\t\t\t<ul class=\"slides\"><li data-tooltip=\"\" data-thumb=\"https:\/\/www.caleromarinas.com\/wp-content\/uploads\/freshizer\/32f55d4720ed2727e68f09802f234b22_Marina-Jandia-1-110-73-c.jpg\"><img loading=\"lazy\" decoding=\"async\" src=\"https:\/\/www.caleromarinas.com\/wp-content\/uploads\/freshizer\/32f55d4720ed2727e68f09802f234b22_Marina-Jandia-1-800-530-c.jpg\" class=\"img-responsive\" width=\"800\" height=\"530\" alt=\"\"  \/>\r\n\t\t<div class=\"project-hover\">\r\n\t\t\t<a class=\"search-icon\" href=\"https:\/\/www.caleromarinas.com\/wp-content\/uploads\/2016\/10\/Marina-Jandia-1.jpg\" rel=\"prettyPhoto[project-gallery]\"><\/a>\r\n\t\t<\/div><\/li><li data-tooltip=\"\" data-thumb=\"https:\/\/www.caleromarinas.com\/wp-content\/uploads\/freshizer\/6955a1e01b566433271b06330fc8bdb4_Marina-Jandia-2-110-73-c.jpg\"><img loading=\"lazy\" decoding=\"async\" src=\"https:\/\/www.caleromarinas.com\/wp-content\/uploads\/freshizer\/6955a1e01b566433271b06330fc8bdb4_Marina-Jandia-2-800-530-c.jpg\" class=\"img-responsive\" width=\"800\" height=\"530\" alt=\"\"  \/>\r\n\t\t<div class=\"project-hover\">\r\n\t\t\t<a class=\"search-icon\" href=\"https:\/\/www.caleromarinas.com\/wp-content\/uploads\/2016\/10\/Marina-Jandia-2.jpg\" rel=\"prettyPhoto[project-gallery]\"><\/a>\r\n\t\t<\/div><\/li><li data-tooltip=\"\" data-thumb=\"https:\/\/www.caleromarinas.com\/wp-content\/uploads\/freshizer\/fad4765a9cb8aa89ed26eade90f55e1e_Marina-Jandia-3-110-73-c.jpg\"><img loading=\"lazy\" decoding=\"async\" src=\"https:\/\/www.caleromarinas.com\/wp-content\/uploads\/freshizer\/fad4765a9cb8aa89ed26eade90f55e1e_Marina-Jandia-3-800-530-c.jpg\" class=\"img-responsive\" width=\"800\" height=\"530\" alt=\"\"  \/>\r\n\t\t<div class=\"project-hover\">\r\n\t\t\t<a class=\"search-icon\" href=\"https:\/\/www.caleromarinas.com\/wp-content\/uploads\/2016\/10\/Marina-Jandia-3.jpg\" rel=\"prettyPhoto[project-gallery]\"><\/a>\r\n\t\t<\/div><\/li><li data-tooltip=\"\" data-thumb=\"https:\/\/www.caleromarinas.com\/wp-content\/uploads\/freshizer\/6d148dde37929eadad612368c6ffe6e3_Marina-Jandia-4-110-73-c.jpg\"><img loading=\"lazy\" decoding=\"async\" src=\"https:\/\/www.caleromarinas.com\/wp-content\/uploads\/freshizer\/6d148dde37929eadad612368c6ffe6e3_Marina-Jandia-4-800-530-c.jpg\" class=\"img-responsive\" width=\"800\" height=\"530\" alt=\"\"  \/>\r\n\t\t<div class=\"project-hover\">\r\n\t\t\t<a class=\"search-icon\" href=\"https:\/\/www.caleromarinas.com\/wp-content\/uploads\/2016\/10\/Marina-Jandia-4.jpg\" rel=\"prettyPhoto[project-gallery]\"><\/a>\r\n\t\t<\/div><\/li><li data-tooltip=\"\" data-thumb=\"https:\/\/www.caleromarinas.com\/wp-content\/uploads\/freshizer\/cb00e4a844ef0658ee710e72e81c3769_Marina-Jandia-5-110-73-c.jpg\"><img loading=\"lazy\" decoding=\"async\" src=\"https:\/\/www.caleromarinas.com\/wp-content\/uploads\/freshizer\/cb00e4a844ef0658ee710e72e81c3769_Marina-Jandia-5-800-530-c.jpg\" class=\"img-responsive\" width=\"800\" height=\"530\" alt=\"\"  \/>\r\n\t\t<div class=\"project-hover\">\r\n\t\t\t<a class=\"search-icon\" href=\"https:\/\/www.caleromarinas.com\/wp-content\/uploads\/2016\/10\/Marina-Jandia-5.jpg\" rel=\"prettyPhoto[project-gallery]\"><\/a>\r\n\t\t<\/div><\/li><li data-tooltip=\"\" data-thumb=\"https:\/\/www.caleromarinas.com\/wp-content\/uploads\/freshizer\/214ffcbefca252022e6b8b44c4e054f0_Marina-Jandia-6-110-73-c.jpg\"><img loading=\"lazy\" decoding=\"async\" src=\"https:\/\/www.caleromarinas.com\/wp-content\/uploads\/freshizer\/214ffcbefca252022e6b8b44c4e054f0_Marina-Jandia-6-800-530-c.jpg\" class=\"img-responsive\" width=\"800\" height=\"530\" alt=\"\"  \/>\r\n\t\t<div class=\"project-hover\">\r\n\t\t\t<a class=\"search-icon\" href=\"https:\/\/www.caleromarinas.com\/wp-content\/uploads\/2016\/10\/Marina-Jandia-6.jpg\" rel=\"prettyPhoto[project-gallery]\"><\/a>\r\n\t\t<\/div><\/li><li data-tooltip=\"\" data-thumb=\"https:\/\/www.caleromarinas.com\/wp-content\/uploads\/freshizer\/14a338006ed99b4460d9ec128307c4a0_Marina-Jandia-7-110-73-c.jpg\"><img loading=\"lazy\" decoding=\"async\" src=\"https:\/\/www.caleromarinas.com\/wp-content\/uploads\/freshizer\/14a338006ed99b4460d9ec128307c4a0_Marina-Jandia-7-800-530-c.jpg\" class=\"img-responsive\" width=\"800\" height=\"530\" alt=\"\"  \/>\r\n\t\t<div class=\"project-hover\">\r\n\t\t\t<a class=\"search-icon\" href=\"https:\/\/www.caleromarinas.com\/wp-content\/uploads\/2016\/10\/Marina-Jandia-7.jpg\" rel=\"prettyPhoto[project-gallery]\"><\/a>\r\n\t\t<\/div><\/li><li data-tooltip=\"\" data-thumb=\"https:\/\/www.caleromarinas.com\/wp-content\/uploads\/freshizer\/3ca4ba61c51272709a37340e5cc4bd8a_Marina-Jandia-8-110-73-c.jpg\"><img loading=\"lazy\" decoding=\"async\" src=\"https:\/\/www.caleromarinas.com\/wp-content\/uploads\/freshizer\/3ca4ba61c51272709a37340e5cc4bd8a_Marina-Jandia-8-800-530-c.jpg\" class=\"img-responsive\" width=\"800\" height=\"530\" alt=\"\"  \/>\r\n\t\t<div class=\"project-hover\">\r\n\t\t\t<a class=\"search-icon\" href=\"https:\/\/www.caleromarinas.com\/wp-content\/uploads\/2016\/10\/Marina-Jandia-8.jpg\" rel=\"prettyPhoto[project-gallery]\"><\/a>\r\n\t\t<\/div><\/li><li data-tooltip=\"\" data-thumb=\"https:\/\/www.caleromarinas.com\/wp-content\/uploads\/freshizer\/33c23ed08a74f9eb2f88ef3993d3af74_Marina-Jandia-9-110-73-c.jpg\"><img loading=\"lazy\" decoding=\"async\" src=\"https:\/\/www.caleromarinas.com\/wp-content\/uploads\/freshizer\/33c23ed08a74f9eb2f88ef3993d3af74_Marina-Jandia-9-800-530-c.jpg\" class=\"img-responsive\" width=\"800\" height=\"530\" alt=\"\"  \/>\r\n\t\t<div class=\"project-hover\">\r\n\t\t\t<a class=\"search-icon\" href=\"https:\/\/www.caleromarinas.com\/wp-content\/uploads\/2016\/10\/Marina-Jandia-9.jpg\" rel=\"prettyPhoto[project-gallery]\"><\/a>\r\n\t\t<\/div><\/li><li data-tooltip=\"\" data-thumb=\"https:\/\/www.caleromarinas.com\/wp-content\/uploads\/freshizer\/91c4fa853e70b4e76498ecd75652ceb9_Marina-Jandia-10-110-73-c.jpg\"><img loading=\"lazy\" decoding=\"async\" src=\"https:\/\/www.caleromarinas.com\/wp-content\/uploads\/freshizer\/91c4fa853e70b4e76498ecd75652ceb9_Marina-Jandia-10-800-530-c.jpg\" class=\"img-responsive\" width=\"800\" height=\"530\" alt=\"\"  \/>\r\n\t\t<div class=\"project-hover\">\r\n\t\t\t<a class=\"search-icon\" href=\"https:\/\/www.caleromarinas.com\/wp-content\/uploads\/2016\/10\/Marina-Jandia-10.jpg\" rel=\"prettyPhoto[project-gallery]\"><\/a>\r\n\t\t<\/div><\/li><li data-tooltip=\"\" data-thumb=\"https:\/\/www.caleromarinas.com\/wp-content\/uploads\/freshizer\/64c35aae99b4b52dd1ece9a5467cd09f_Marina-Jandia-11-110-73-c.jpg\"><img loading=\"lazy\" decoding=\"async\" src=\"https:\/\/www.caleromarinas.com\/wp-content\/uploads\/freshizer\/64c35aae99b4b52dd1ece9a5467cd09f_Marina-Jandia-11-800-530-c.jpg\" class=\"img-responsive\" width=\"800\" height=\"530\" alt=\"\"  \/>\r\n\t\t<div class=\"project-hover\">\r\n\t\t\t<a class=\"search-icon\" href=\"https:\/\/www.caleromarinas.com\/wp-content\/uploads\/2016\/10\/Marina-Jandia-11.jpg\" rel=\"prettyPhoto[project-gallery]\"><\/a>\r\n\t\t<\/div><\/li><li data-tooltip=\"\" data-thumb=\"https:\/\/www.caleromarinas.com\/wp-content\/uploads\/freshizer\/03e2a88a4ed9af15b5ea7c8c5a14d564_Marina-Jandia-12-110-73-c.jpg\"><img loading=\"lazy\" decoding=\"async\" src=\"https:\/\/www.caleromarinas.com\/wp-content\/uploads\/freshizer\/03e2a88a4ed9af15b5ea7c8c5a14d564_Marina-Jandia-12-800-530-c.jpg\" class=\"img-responsive\" width=\"800\" height=\"530\" alt=\"\"  \/>\r\n\t\t<div class=\"project-hover\">\r\n\t\t\t<a class=\"search-icon\" href=\"https:\/\/www.caleromarinas.com\/wp-content\/uploads\/2016\/10\/Marina-Jandia-12.jpg\" rel=\"prettyPhoto[project-gallery]\"><\/a>\r\n\t\t<\/div><\/li><li data-tooltip=\"\" data-thumb=\"https:\/\/www.caleromarinas.com\/wp-content\/uploads\/freshizer\/4e021aeb9b89228f40398a520116d44b_Marina-Jandia-13-110-73-c.jpg\"><img loading=\"lazy\" decoding=\"async\" src=\"https:\/\/www.caleromarinas.com\/wp-content\/uploads\/freshizer\/4e021aeb9b89228f40398a520116d44b_Marina-Jandia-13-800-530-c.jpg\" class=\"img-responsive\" width=\"800\" height=\"530\" alt=\"\"  \/>\r\n\t\t<div class=\"project-hover\">\r\n\t\t\t<a class=\"search-icon\" href=\"https:\/\/www.caleromarinas.com\/wp-content\/uploads\/2016\/10\/Marina-Jandia-13.jpg\" rel=\"prettyPhoto[project-gallery]\"><\/a>\r\n\t\t<\/div><\/li><li data-tooltip=\"\" data-thumb=\"https:\/\/www.caleromarinas.com\/wp-content\/uploads\/freshizer\/581042d68b767bd7b702b6ff7b82347a_Marina-Jandia-14-110-73-c.jpg\"><img loading=\"lazy\" decoding=\"async\" src=\"https:\/\/www.caleromarinas.com\/wp-content\/uploads\/freshizer\/581042d68b767bd7b702b6ff7b82347a_Marina-Jandia-14-800-530-c.jpg\" class=\"img-responsive\" width=\"800\" height=\"530\" alt=\"\"  \/>\r\n\t\t<div class=\"project-hover\">\r\n\t\t\t<a class=\"search-icon\" href=\"https:\/\/www.caleromarinas.com\/wp-content\/uploads\/2016\/10\/Marina-Jandia-14.jpg\" rel=\"prettyPhoto[project-gallery]\"><\/a>\r\n\t\t<\/div><\/li><li data-tooltip=\"\" data-thumb=\"https:\/\/www.caleromarinas.com\/wp-content\/uploads\/freshizer\/8dad405c344155b9aaf138b8e01a9dfc_Marina-Jandia-15-110-73-c.jpg\"><img loading=\"lazy\" decoding=\"async\" src=\"https:\/\/www.caleromarinas.com\/wp-content\/uploads\/freshizer\/8dad405c344155b9aaf138b8e01a9dfc_Marina-Jandia-15-800-530-c.jpg\" class=\"img-responsive\" width=\"800\" height=\"530\" alt=\"\"  \/>\r\n\t\t<div class=\"project-hover\">\r\n\t\t\t<a class=\"search-icon\" href=\"https:\/\/www.caleromarinas.com\/wp-content\/uploads\/2016\/10\/Marina-Jandia-15.jpg\" rel=\"prettyPhoto[project-gallery]\"><\/a>\r\n\t\t<\/div><\/li><\/ul>\r\n\t\t<\/div><\/div>\n<\/div> \n<div class=\"clearfix\"><\/div>\r\n\t\t<\/div>\n\r\n\t\t<div class=\"full_bg full-width-bg \" data-animation=\"\" style=\"background-color: #f2f2f2; background-attachment: scroll; background-position: left top; background-size: 100% 100%; padding-top: 20px; padding-bottom: 40px;\">\r\n\t\t\t\r\n\t\t\t\r\n\t\t\t \n<div class=\"row\"><div class=\"col-lg-6 col-md-6 col-sm-12\">\n<div style=\"height: 368px; width: 550px; border: 1px solid black; background-image: url('https:\/\/www.caleromarinas.com\/wp-content\/uploads\/2016\/10\/Marina-Jandia-Video.png');\"><div class=\"clearfix\" style=\"height: 130px\"><\/div> \r\n\t\t\t<div class=\"sc-videp-popup-wrapper center\">\r\n\t\t\t\t<a href=\"#\" class=\"sc-open-video icon-button white\"><img decoding=\"async\" src=\"https:\/\/www.caleromarinas.com\/wp-content\/themes\/marine\/img\/icon-play.png\" alt=\"\"><\/a>\r\n\t\t\t\t<div class=\"sc-video-popup\" data-url=\"https:\/\/www.youtube.com\/embed\/7VJ8QDeqBWQ\" data-autoplay=\"yes\">\r\n\t\t\t\t\t<div class=\"sc-close-video\"><i class=\"icons icon-cancel-circled\"><\/i><\/div>\r\n\t\t\t\t<\/div>\r\n\t\t\t<\/div>\r\n\t\t\t<div class=\"clearfix\"><\/div><\/div>\n<\/div>\n<div class=\"col-lg-6 col-md-6 col-sm-12\">\n<div class=\"clearfix\" style=\"height: 30px\"><\/div>Calero Marinas, a family company from the Canary Islands, has been at the forefront of marina management for 30 years, with over 1000 berths in operation, the first and only superyacht shipyard in the archipelago, and more than 20,000m2 of waterfront leisure, commercial and restaurant areas in its three facilities in the Canaries. These enclaves are strategically located between the European, African and American continents, on the world\u2019s most emblematic sailing route.<\/p>\n<p>Drawing on extensive experience in the sector and the strict adherence to the highest quality and sustainability standards, Calero Marinas is a pioneer in marine tourism in each of the island destinations; creating iconic spaces to enjoy nautical tourism, gastronomy, and the most desirable waterside lifestyle.<\/p>\n<\/div>\n<\/div> \n<div class=\"clearfix\"><\/div>\r\n\t\t<\/div>\n\r\n\t\t<div class=\"full_bg full-width-bg \" data-animation=\"\" style=\"background-color: #ffffff; background-attachment: scroll; background-position: left top; background-size: 100% 100%; padding-top: 30px; padding-bottom: 40px;\">\r\n\t\t\t\r\n\t\t\t\r\n\t\t\t \n<h3 class=\"special-text  wow animated fadeInDown\" style=\"font-size: 32px;font-weight: 300;margin-top: 40px;text-align: center\" data-animation=\"fadeInDown\">Calero Marinas<\/h3>\n<div class=\"row\">\n<div class=\"col-lg-6 col-md-6 col-sm-12\"><h3 class=\"special-text  wow animated fadeInDown\" style=\"font-size: 32px;font-weight: 300;margin-top: 40px;text-align: center\" data-animation=\"fadeInDown\"><a href=\"\/en\/news\/\">Latest News<\/a><\/h3>\n<\/div>\n<div class=\"col-lg-6 col-md-6 col-sm-12\"><h3 class=\"special-text  wow animated fadeInDown\" style=\"font-size: 32px;font-weight: 300;margin-top: 40px;text-align: center\" data-animation=\"fadeInDown\"><a href=\"\/?page_id=265\" data-wplink-edit=\"true\">Upcoming Events<\/a><\/h3><\/div>\n<\/div> \n<div class=\"clearfix\"><\/div>\r\n\t\t<\/div>\n","protected":false},"excerpt":{"rendered":"Marina Jand\u00eda is Calero Marinas\u2019 new project in Fuerteventura. A yacht harbour with 310 berths from 6 to 50 metres in length and an area for leisure, shops and restaurants that will represent a milestone in the island\u2019s tourism development. A new rendezvous by the sea, in what will be Fuerteventura's first major marina. Contact","protected":false},"author":1,"featured_media":0,"parent":0,"menu_order":0,"comment_status":"closed","ping_status":"closed","template":"template-marina-jandia.php","meta":{"footnotes":""},"yst_prominent_words":[3151,2931,204,185,2724,2445,2706,2076,206,219,2500,2105,2443,985,2501],"_links":{"self":[{"href":"https:\/\/www.caleromarinas.com\/en\/wp-json\/wp\/v2\/pages\/26713\/"}],"collection":[{"href":"https:\/\/www.caleromarinas.com\/en\/wp-json\/wp\/v2\/pages\/"}],"about":[{"href":"https:\/\/www.caleromarinas.com\/en\/wp-json\/wp\/v2\/types\/page\/"}],"author":[{"embeddable":true,"href":"https:\/\/www.caleromarinas.com\/en\/wp-json\/wp\/v2\/users\/1\/"}],"replies":[{"embeddable":true,"href":"https:\/\/www.caleromarinas.com\/en\/wp-json\/wp\/v2\/comments\/?post=26713"}],"version-history":[{"count":5,"href":"https:\/\/www.caleromarinas.com\/en\/wp-json\/wp\/v2\/pages\/26713\/revisions\/"}],"predecessor-version":[{"id":55242,"href":"https:\/\/www.caleromarinas.com\/en\/wp-json\/wp\/v2\/pages\/26713\/revisions\/55242\/"}],"wp:attachment":[{"href":"https:\/\/www.caleromarinas.com\/en\/wp-json\/wp\/v2\/media\/?parent=26713"}],"wp:term":[{"taxonomy":"yst_prominent_words","embeddable":true,"href":"https:\/\/www.caleromarinas.com\/en\/wp-json\/wp\/v2\/yst_prominent_words\/?post=26713"}],"curies":[{"name":"wp","href":"https:\/\/api.w.org\/{rel}","templated":true}]}}